 {"id":1528,"date":"2025-01-21T16:24:40","date_gmt":"2025-01-21T08:24:40","guid":{"rendered":"https:\/\/sdqkzn.com\/?post_type=product&#038;p=1528"},"modified":"2025-01-21T16:24:40","modified_gmt":"2025-01-21T08:24:40","slug":"machine-coulissante-telecommandee","status":"publish","type":"product","link":"https:\/\/sdqkzn.com\/fr\/produit\/machine-coulissante-telecommandee","title":{"rendered":"Machine \u00e0 coulisse t\u00e9l\u00e9command\u00e9e"},"content":{"rendered":"<p>La chargeuse coulissante est \u00e9galement connue sous le nom de chargeuse coulissante, de v\u00e9hicule technique multifonctionnel ou de machine technique multifonctionnelle. Il s'agit d'un \u00e9quipement \u00e0 ch\u00e2ssis sp\u00e9cialis\u00e9 \u00e0 roues qui utilise la diff\u00e9rence de vitesse lin\u00e9aire entre les deux roues pour diriger le v\u00e9hicule.<br \/>\nIl convient \u00e0 la construction d'infrastructures, aux applications industrielles, au chargement et au d\u00e9chargement de quais, aux rues urbaines, aux zones r\u00e9sidentielles, aux granges, aux enclos pour animaux, aux pistes d'a\u00e9roport, etc. Il peut \u00e9galement \u00eatre utilis\u00e9 comme \u00e9quipement auxiliaire pour les machines de construction \u00e0 grande \u00e9chelle.<\/p>\n<p><img fetchpriority=\"high\" decoding=\"async\" class=\"aligncenter size-full wp-image-1530\" src=\"https:\/\/sdqkzn.com\/wp-content\/uploads\/2025\/01\/\u6ed1\u79fb\u88c5\u8f7d\u673a\u8be6\u60c5\u9875_01.jpg\" alt=\"\" width=\"790\" height=\"1145\" srcset=\"https:\/\/sdqkzn.com\/wp-content\/uploads\/2025\/01\/\u6ed1\u79fb\u88c5\u8f7d\u673a\u8be6\u60c5\u9875_01.jpg 790w, https:\/\/sdqkzn.com\/wp-content\/uploads\/2025\/01\/\u6ed1\u79fb\u88c5\u8f7d\u673a\u8be6\u60c5\u9875_01-207x300.jpg 207w, https:\/\/sdqkzn.com\/wp-content\/uploads\/2025\/01\/\u6ed1\u79fb\u88c5\u8f7d\u673a\u8be6\u60c5\u9875_01-707x1024.jpg 707w, https:\/\/sdqkzn.com\/wp-content\/uploads\/2025\/01\/\u6ed1\u79fb\u88c5\u8f7d\u673a\u8be6\u60c5\u9875_01-768x1113.jpg 768w\" sizes=\"(max-width: 790px) 100vw, 790px\" \/> <img decoding=\"async\" class=\"aligncenter size-full wp-image-1531\" src=\"https:\/\/sdqkzn.com\/wp-content\/uploads\/2025\/01\/\u6ed1\u79fb\u88c5\u8f7d\u673a\u8be6\u60c5\u9875_02.jpg\" alt=\"\" width=\"790\" height=\"1356\" srcset=\"https:\/\/sdqkzn.com\/wp-content\/uploads\/2025\/01\/\u6ed1\u79fb\u88c5\u8f7d\u673a\u8be6\u60c5\u9875_02.jpg 790w, https:\/\/sdqkzn.com\/wp-content\/uploads\/2025\/01\/\u6ed1\u79fb\u88c5\u8f7d\u673a\u8be6\u60c5\u9875_02-175x300.jpg 175w, https:\/\/sdqkzn.com\/wp-content\/uploads\/2025\/01\/\u6ed1\u79fb\u88c5\u8f7d\u673a\u8be6\u60c5\u9875_02-597x1024.jpg 597w, https:\/\/sdqkzn.com\/wp-content\/uploads\/2025\/01\/\u6ed1\u79fb\u88c5\u8f7d\u673a\u8be6\u60c5\u9875_02-768x1318.jpg 768w\" sizes=\"(max-width: 790px) 100vw, 790px\" \/> <img decoding=\"async\" class=\"aligncenter size-full wp-image-1532\" src=\"https:\/\/sdqkzn.com\/wp-content\/uploads\/2025\/01\/\u6ed1\u79fb\u88c5\u8f7d\u673a\u8be6\u60c5\u9875_03.jpg\" alt=\"\" width=\"790\" height=\"880\" srcset=\"https:\/\/sdqkzn.com\/wp-content\/uploads\/2025\/01\/\u6ed1\u79fb\u88c5\u8f7d\u673a\u8be6\u60c5\u9875_03.jpg 790w, https:\/\/sdqkzn.com\/wp-content\/uploads\/2025\/01\/\u6ed1\u79fb\u88c5\u8f7d\u673a\u8be6\u60c5\u9875_03-269x300.jpg 269w, https:\/\/sdqkzn.com\/wp-content\/uploads\/2025\/01\/\u6ed1\u79fb\u88c5\u8f7d\u673a\u8be6\u60c5\u9875_03-768x855.jpg 768w\" sizes=\"(max-width: 790px) 100vw, 790px\" \/> <img loading=\"lazy\" decoding=\"async\" class=\"aligncenter size-full wp-image-1533\" src=\"https:\/\/sdqkzn.com\/wp-content\/uploads\/2025\/01\/\u6ed1\u79fb\u88c5\u8f7d\u673a\u8be6\u60c5\u9875_04.jpg\" alt=\"\" width=\"790\" height=\"1309\" srcset=\"https:\/\/sdqkzn.com\/wp-content\/uploads\/2025\/01\/\u6ed1\u79fb\u88c5\u8f7d\u673a\u8be6\u60c5\u9875_04.jpg 790w, https:\/\/sdqkzn.com\/wp-content\/uploads\/2025\/01\/\u6ed1\u79fb\u88c5\u8f7d\u673a\u8be6\u60c5\u9875_04-181x300.jpg 181w, https:\/\/sdqkzn.com\/wp-content\/uploads\/2025\/01\/\u6ed1\u79fb\u88c5\u8f7d\u673a\u8be6\u60c5\u9875_04-618x1024.jpg 618w, https:\/\/sdqkzn.com\/wp-content\/uploads\/2025\/01\/\u6ed1\u79fb\u88c5\u8f7d\u673a\u8be6\u60c5\u9875_04-768x1273.jpg 768w\" sizes=\"(max-width: 790px) 100vw, 790px\" \/> <img loading=\"lazy\" decoding=\"async\" class=\"aligncenter size-full wp-image-1534\" src=\"https:\/\/sdqkzn.com\/wp-content\/uploads\/2025\/01\/\u6ed1\u79fb\u88c5\u8f7d\u673a\u8be6\u60c5\u9875_05.jpg\" alt=\"\" width=\"790\" height=\"1189\" srcset=\"https:\/\/sdqkzn.com\/wp-content\/uploads\/2025\/01\/\u6ed1\u79fb\u88c5\u8f7d\u673a\u8be6\u60c5\u9875_05.jpg 790w, https:\/\/sdqkzn.com\/wp-content\/uploads\/2025\/01\/\u6ed1\u79fb\u88c5\u8f7d\u673a\u8be6\u60c5\u9875_05-199x300.jpg 199w, https:\/\/sdqkzn.com\/wp-content\/uploads\/2025\/01\/\u6ed1\u79fb\u88c5\u8f7d\u673a\u8be6\u60c5\u9875_05-680x1024.jpg 680w, https:\/\/sdqkzn.com\/wp-content\/uploads\/2025\/01\/\u6ed1\u79fb\u88c5\u8f7d\u673a\u8be6\u60c5\u9875_05-768x1156.jpg 768w\" sizes=\"(max-width: 790px) 100vw, 790px\" \/> <img loading=\"lazy\" decoding=\"async\" class=\"aligncenter size-full wp-image-1535\" src=\"https:\/\/sdqkzn.com\/wp-content\/uploads\/2025\/01\/\u6ed1\u79fb\u88c5\u8f7d\u673a\u8be6\u60c5\u9875_06.jpg\" alt=\"\" width=\"790\" height=\"1301\" srcset=\"https:\/\/sdqkzn.com\/wp-content\/uploads\/2025\/01\/\u6ed1\u79fb\u88c5\u8f7d\u673a\u8be6\u60c5\u9875_06.jpg 790w, https:\/\/sdqkzn.com\/wp-content\/uploads\/2025\/01\/\u6ed1\u79fb\u88c5\u8f7d\u673a\u8be6\u60c5\u9875_06-182x300.jpg 182w, https:\/\/sdqkzn.com\/wp-content\/uploads\/2025\/01\/\u6ed1\u79fb\u88c5\u8f7d\u673a\u8be6\u60c5\u9875_06-622x1024.jpg 622w, https:\/\/sdqkzn.com\/wp-content\/uploads\/2025\/01\/\u6ed1\u79fb\u88c5\u8f7d\u673a\u8be6\u60c5\u9875_06-768x1265.jpg 768w\" sizes=\"(max-width: 790px) 100vw, 790px\" \/><\/p>\n<p>&nbsp;<\/p>","protected":false},"featured_media":1529,"template":"","meta":{"_acf_changed":false,"om_disable_all_campaigns":false,"_monsterinsights_skip_tracking":false,"_monsterinsights_sitenote_active":false,"_monsterinsights_sitenote_note":"","_monsterinsights_sitenote_category":0,"site-sidebar-layout":"default","site-content-layout":"","ast-site-content-layout":"default","site-content-style":"default","site-sidebar-style":"default","ast-global-header-display":"","ast-banner-title-visibility":"","ast-main-header-display":"","ast-hfb-above-header-display":"","ast-hfb-below-header-display":"","ast-hfb-mobile-header-display":"","site-post-title":"","ast-breadcrumbs-content":"","ast-featured-img":"","footer-sml-layout":"","theme-transparent-header-meta":"default","adv-header-id-meta":"","stick-header-meta":"default","header-above-stick-meta":"","header-main-stick-meta":"","header-below-stick-meta":"","astra-migrate-meta-layouts":"set","ast-page-background-enabled":"default","ast-page-background-meta":{"desktop":{"background-color":"var(--ast-global-color-4)","background-image":"","background-repeat":"repeat","background-position":"center center","background-size":"auto","background-attachment":"scroll","background-type":"","background-media":"","overlay-type":"","overlay-color":"","overlay-opacity":"","overlay-gradient":""},"tablet":{"background-color":"","background-image":"","background-repeat":"repeat","background-position":"center center","background-size":"auto","background-attachment":"scroll","background-type":"","background-media":"","overlay-type":"","overlay-color":"","overlay-opacity":"","overlay-gradient":""},"mobile":{"background-color":"","background-image":"","background-repeat":"repeat","background-position":"center center","background-size":"auto","background-attachment":"scroll","background-type":"","background-media":"","overlay-type":"","overlay-color":"","overlay-opacity":"","overlay-gradient":""}},"ast-content-background-meta":{"desktop":{"background-color":"var(--ast-global-color-5)","background-image":"","background-repeat":"repeat","background-position":"center center","background-size":"auto","background-attachment":"scroll","background-type":"","background-media":"","overlay-type":"","overlay-color":"","overlay-opacity":"","overlay-gradient":""},"tablet":{"background-color":"var(--ast-global-color-5)","background-image":"","background-repeat":"repeat","background-position":"center center","background-size":"auto","background-attachment":"scroll","background-type":"","background-media":"","overlay-type":"","overlay-color":"","overlay-opacity":"","overlay-gradient":""},"mobile":{"background-color":"var(--ast-global-color-5)","background-image":"","background-repeat":"repeat","background-position":"center center","background-size":"auto","background-attachment":"scroll","background-type":"","background-media":"","overlay-type":"","overlay-color":"","overlay-opacity":"","overlay-gradient":""}}},"tags":[],"products":[48],"class_list":["post-1528","product","type-product","status-publish","has-post-thumbnail","hentry","products-slip-machine"],"acf":[],"yoast_head":"<!-- This site is optimized with the Yoast SEO plugin v25.2 - https:\/\/yoast.com\/wordpress\/plugins\/seo\/ -->\n<title>Remote-controlled sliding machine - Qingke Tech - Professional Remote Control Lawn Mower &amp; Smart Farm Equipment Manufacturer<\/title>\n<meta name=\"robots\" content=\"index, follow, max-snippet:-1, max-image-preview:large, max-video-preview:-1\" \/>\n<link rel=\"canonical\" href=\"https:\/\/sdqkzn.com\/fr\/produit\/machine-coulissante-telecommandee\" \/>\n<meta property=\"og:locale\" content=\"fr_FR\" \/>\n<meta property=\"og:type\" content=\"article\" \/>\n<meta property=\"og:title\" content=\"Remote-controlled sliding machine - Qingke Tech - Professional Remote Control Lawn Mower &amp; Smart Farm Equipment Manufacturer\" \/>\n<meta property=\"og:description\" content=\"Sliding loader, also known as sliding loader, multifunctional engineering vehicle, or multifunctional engineering machine. It is a wheeled specialized chassis equipment that utilizes the difference in linear velocity between the two wheels to achieve vehicle steering. Suitable for infrastructure construction, industrial applications, dock loading and unloading, urban streets, residential areas, barns, animal pens, airport runways, [&hellip;]\" \/>\n<meta property=\"og:url\" content=\"https:\/\/sdqkzn.com\/fr\/produit\/machine-coulissante-telecommandee\" \/>\n<meta property=\"og:site_name\" content=\"Qingke Tech - Professional Remote Control Lawn Mower &amp; Smart Farm Equipment Manufacturer\" \/>\n<meta property=\"article:publisher\" content=\"https:\/\/www.facebook.com\/sdqkzn\" \/>\n<meta property=\"og:image\" content=\"https:\/\/sdqkzn.com\/wp-content\/uploads\/2025\/01\/\u6ed1\u79fb\u673a-1.jpg\" \/>\n\t<meta property=\"og:image:width\" content=\"800\" \/>\n\t<meta property=\"og:image:height\" content=\"800\" \/>\n\t<meta property=\"og:image:type\" content=\"image\/jpeg\" \/>\n<meta name=\"twitter:card\" content=\"summary_large_image\" \/>\n<script type=\"application\/ld+json\" class=\"yoast-schema-graph\">{\"@context\":\"https:\/\/schema.org\",\"@graph\":[{\"@type\":\"WebPage\",\"@id\":\"https:\/\/sdqkzn.com\/product\/remote-controlled-sliding-machine\",\"url\":\"https:\/\/sdqkzn.com\/product\/remote-controlled-sliding-machine\",\"name\":\"Remote-controlled sliding machine - Qingke Tech - Professional Remote Control Lawn Mower &amp; Smart Farm Equipment Manufacturer\",\"isPartOf\":{\"@id\":\"https:\/\/sdqkzn.com\/#website\"},\"primaryImageOfPage\":{\"@id\":\"https:\/\/sdqkzn.com\/product\/remote-controlled-sliding-machine#primaryimage\"},\"image\":{\"@id\":\"https:\/\/sdqkzn.com\/product\/remote-controlled-sliding-machine#primaryimage\"},\"thumbnailUrl\":\"https:\/\/sdqkzn.com\/wp-content\/uploads\/2025\/01\/\u6ed1\u79fb\u673a-1.jpg\",\"datePublished\":\"2025-01-21T08:24:40+00:00\",\"breadcrumb\":{\"@id\":\"https:\/\/sdqkzn.com\/product\/remote-controlled-sliding-machine#breadcrumb\"},\"inLanguage\":\"fr-FR\",\"potentialAction\":[{\"@type\":\"ReadAction\",\"target\":[\"https:\/\/sdqkzn.com\/product\/remote-controlled-sliding-machine\"]}]},{\"@type\":\"ImageObject\",\"inLanguage\":\"fr-FR\",\"@id\":\"https:\/\/sdqkzn.com\/product\/remote-controlled-sliding-machine#primaryimage\",\"url\":\"https:\/\/sdqkzn.com\/wp-content\/uploads\/2025\/01\/\u6ed1\u79fb\u673a-1.jpg\",\"contentUrl\":\"https:\/\/sdqkzn.com\/wp-content\/uploads\/2025\/01\/\u6ed1\u79fb\u673a-1.jpg\",\"width\":800,\"height\":800},{\"@type\":\"BreadcrumbList\",\"@id\":\"https:\/\/sdqkzn.com\/product\/remote-controlled-sliding-machine#breadcrumb\",\"itemListElement\":[{\"@type\":\"ListItem\",\"position\":1,\"name\":\"Home\",\"item\":\"https:\/\/sdqkzn.com\/\"},{\"@type\":\"ListItem\",\"position\":2,\"name\":\"Products\",\"item\":\"https:\/\/sdqkzn.com\/de\/produkt\"},{\"@type\":\"ListItem\",\"position\":3,\"name\":\"Remote-controlled sliding machine\"}]},{\"@type\":\"WebSite\",\"@id\":\"https:\/\/sdqkzn.com\/#website\",\"url\":\"https:\/\/sdqkzn.com\/\",\"name\":\"Remote Control Lawn Mower Garden Machinery Manufacturer\",\"description\":\"Qingke Intelligent Technology \u2013 China&#039;s leading manufacturer of smart agricultural robots, including robotic lawn mowers, pesticide sprayers, and utility transport vehicles. Innovative, efficient, and eco-friendly solutions for modern farming and landscaping.\",\"publisher\":{\"@id\":\"https:\/\/sdqkzn.com\/#organization\"},\"potentialAction\":[{\"@type\":\"SearchAction\",\"target\":{\"@type\":\"EntryPoint\",\"urlTemplate\":\"https:\/\/sdqkzn.com\/?s={search_term_string}\"},\"query-input\":{\"@type\":\"PropertyValueSpecification\",\"valueRequired\":true,\"valueName\":\"search_term_string\"}}],\"inLanguage\":\"fr-FR\"},{\"@type\":\"Organization\",\"@id\":\"https:\/\/sdqkzn.com\/#organization\",\"name\":\"Qingke Tech\",\"url\":\"https:\/\/sdqkzn.com\/\",\"logo\":{\"@type\":\"ImageObject\",\"inLanguage\":\"fr-FR\",\"@id\":\"https:\/\/sdqkzn.com\/#\/schema\/logo\/image\/\",\"url\":\"https:\/\/sdqkzn.com\/wp-content\/uploads\/2025\/01\/123.png\",\"contentUrl\":\"https:\/\/sdqkzn.com\/wp-content\/uploads\/2025\/01\/123.png\",\"width\":234,\"height\":65,\"caption\":\"Qingke Tech\"},\"image\":{\"@id\":\"https:\/\/sdqkzn.com\/#\/schema\/logo\/image\/\"},\"sameAs\":[\"https:\/\/www.facebook.com\/sdqkzn\"]}]}<\/script>\n<!-- \/ Yoast SEO plugin. -->","yoast_head_json":{"title":"Remote-controlled sliding machine - Qingke Tech - Professional Remote Control Lawn Mower &amp; Smart Farm Equipment Manufacturer","robots":{"index":"index","follow":"follow","max-snippet":"max-snippet:-1","max-image-preview":"max-image-preview:large","max-video-preview":"max-video-preview:-1"},"canonical":"https:\/\/sdqkzn.com\/fr\/produit\/machine-coulissante-telecommandee","og_locale":"fr_FR","og_type":"article","og_title":"Remote-controlled sliding machine - Qingke Tech - Professional Remote Control Lawn Mower &amp; Smart Farm Equipment Manufacturer","og_description":"Sliding loader, also known as sliding loader, multifunctional engineering vehicle, or multifunctional engineering machine. It is a wheeled specialized chassis equipment that utilizes the difference in linear velocity between the two wheels to achieve vehicle steering. Suitable for infrastructure construction, industrial applications, dock loading and unloading, urban streets, residential areas, barns, animal pens, airport runways, [&hellip;]","og_url":"https:\/\/sdqkzn.com\/fr\/produit\/machine-coulissante-telecommandee","og_site_name":"Qingke Tech - Professional Remote Control Lawn Mower &amp; Smart Farm Equipment Manufacturer","article_publisher":"https:\/\/www.facebook.com\/sdqkzn","og_image":[{"width":800,"height":800,"url":"https:\/\/sdqkzn.com\/wp-content\/uploads\/2025\/01\/\u6ed1\u79fb\u673a-1.jpg","type":"image\/jpeg"}],"twitter_card":"summary_large_image","schema":{"@context":"https:\/\/schema.org","@graph":[{"@type":"WebPage","@id":"https:\/\/sdqkzn.com\/product\/remote-controlled-sliding-machine","url":"https:\/\/sdqkzn.com\/product\/remote-controlled-sliding-machine","name":"Remote-controlled sliding machine - Qingke Tech - Professional Remote Control Lawn Mower &amp; Smart Farm Equipment Manufacturer","isPartOf":{"@id":"https:\/\/sdqkzn.com\/#website"},"primaryImageOfPage":{"@id":"https:\/\/sdqkzn.com\/product\/remote-controlled-sliding-machine#primaryimage"},"image":{"@id":"https:\/\/sdqkzn.com\/product\/remote-controlled-sliding-machine#primaryimage"},"thumbnailUrl":"https:\/\/sdqkzn.com\/wp-content\/uploads\/2025\/01\/\u6ed1\u79fb\u673a-1.jpg","datePublished":"2025-01-21T08:24:40+00:00","breadcrumb":{"@id":"https:\/\/sdqkzn.com\/product\/remote-controlled-sliding-machine#breadcrumb"},"inLanguage":"fr-FR","potentialAction":[{"@type":"ReadAction","target":["https:\/\/sdqkzn.com\/product\/remote-controlled-sliding-machine"]}]},{"@type":"ImageObject","inLanguage":"fr-FR","@id":"https:\/\/sdqkzn.com\/product\/remote-controlled-sliding-machine#primaryimage","url":"https:\/\/sdqkzn.com\/wp-content\/uploads\/2025\/01\/\u6ed1\u79fb\u673a-1.jpg","contentUrl":"https:\/\/sdqkzn.com\/wp-content\/uploads\/2025\/01\/\u6ed1\u79fb\u673a-1.jpg","width":800,"height":800},{"@type":"BreadcrumbList","@id":"https:\/\/sdqkzn.com\/product\/remote-controlled-sliding-machine#breadcrumb","itemListElement":[{"@type":"ListItem","position":1,"name":"Home","item":"https:\/\/sdqkzn.com\/"},{"@type":"ListItem","position":2,"name":"Products","item":"https:\/\/sdqkzn.com\/de\/produkt"},{"@type":"ListItem","position":3,"name":"Remote-controlled sliding machine"}]},{"@type":"WebSite","@id":"https:\/\/sdqkzn.com\/#website","url":"https:\/\/sdqkzn.com\/","name":"Remote Control Lawn Mower Garden Machinery Manufacturer","description":"Qingke Intelligent Technology \u2013 China&#039;s leading manufacturer of smart agricultural robots, including robotic lawn mowers, pesticide sprayers, and utility transport vehicles. Innovative, efficient, and eco-friendly solutions for modern farming and landscaping.","publisher":{"@id":"https:\/\/sdqkzn.com\/#organization"},"potentialAction":[{"@type":"SearchAction","target":{"@type":"EntryPoint","urlTemplate":"https:\/\/sdqkzn.com\/?s={search_term_string}"},"query-input":{"@type":"PropertyValueSpecification","valueRequired":true,"valueName":"search_term_string"}}],"inLanguage":"fr-FR"},{"@type":"Organization","@id":"https:\/\/sdqkzn.com\/#organization","name":"Qingke Tech","url":"https:\/\/sdqkzn.com\/","logo":{"@type":"ImageObject","inLanguage":"fr-FR","@id":"https:\/\/sdqkzn.com\/#\/schema\/logo\/image\/","url":"https:\/\/sdqkzn.com\/wp-content\/uploads\/2025\/01\/123.png","contentUrl":"https:\/\/sdqkzn.com\/wp-content\/uploads\/2025\/01\/123.png","width":234,"height":65,"caption":"Qingke Tech"},"image":{"@id":"https:\/\/sdqkzn.com\/#\/schema\/logo\/image\/"},"sameAs":["https:\/\/www.facebook.com\/sdqkzn"]}]}},"_links":{"self":[{"href":"https:\/\/sdqkzn.com\/fr\/wp-json\/wp\/v2\/product\/1528","targetHints":{"allow":["GET"]}}],"collection":[{"href":"https:\/\/sdqkzn.com\/fr\/wp-json\/wp\/v2\/product"}],"about":[{"href":"https:\/\/sdqkzn.com\/fr\/wp-json\/wp\/v2\/types\/product"}],"wp:featuredmedia":[{"embeddable":true,"href":"https:\/\/sdqkzn.com\/fr\/wp-json\/wp\/v2\/media\/1529"}],"wp:attachment":[{"href":"https:\/\/sdqkzn.com\/fr\/wp-json\/wp\/v2\/media?parent=1528"}],"wp:term":[{"taxonomy":"post_tag","embeddable":true,"href":"https:\/\/sdqkzn.com\/fr\/wp-json\/wp\/v2\/tags?post=1528"},{"taxonomy":"products","embeddable":true,"href":"https:\/\/sdqkzn.com\/fr\/wp-json\/wp\/v2\/products?post=1528"}],"curies":[{"name":"wp","href":"https:\/\/api.w.org\/{rel}","templated":true}]}}