 {"id":1727,"date":"2025-05-07T10:38:46","date_gmt":"2025-05-07T02:38:46","guid":{"rendered":"https:\/\/sdqkzn.com\/?post_type=product&#038;p=1727"},"modified":"2025-06-26T16:00:17","modified_gmt":"2025-06-26T08:00:17","slug":"pulverisateur-telecommande","status":"publish","type":"product","link":"https:\/\/sdqkzn.com\/fr\/produit\/pulverisateur-telecommande","title":{"rendered":"Pulv\u00e9risateur t\u00e9l\u00e9command\u00e9"},"content":{"rendered":"<p>&nbsp;<\/p>\n<p>&nbsp;<\/p>\n<p><img fetchpriority=\"high\" decoding=\"async\" class=\"aligncenter size-full wp-image-1772\" src=\"https:\/\/sdqkzn.com\/wp-content\/uploads\/2025\/05\/3\u52171\u884c\u529f\u80fd\u7279\u70b9\u4ecb\u7ecd\u6539\u56fe\u7247.png\" alt=\"\" width=\"1920\" height=\"800\" srcset=\"https:\/\/sdqkzn.com\/wp-content\/uploads\/2025\/05\/3\u52171\u884c\u529f\u80fd\u7279\u70b9\u4ecb\u7ecd\u6539\u56fe\u7247.png 1920w, https:\/\/sdqkzn.com\/wp-content\/uploads\/2025\/05\/3\u52171\u884c\u529f\u80fd\u7279\u70b9\u4ecb\u7ecd\u6539\u56fe\u7247-300x125.png 300w, https:\/\/sdqkzn.com\/wp-content\/uploads\/2025\/05\/3\u52171\u884c\u529f\u80fd\u7279\u70b9\u4ecb\u7ecd\u6539\u56fe\u7247-1024x427.png 1024w, https:\/\/sdqkzn.com\/wp-content\/uploads\/2025\/05\/3\u52171\u884c\u529f\u80fd\u7279\u70b9\u4ecb\u7ecd\u6539\u56fe\u7247-768x320.png 768w, https:\/\/sdqkzn.com\/wp-content\/uploads\/2025\/05\/3\u52171\u884c\u529f\u80fd\u7279\u70b9\u4ecb\u7ecd\u6539\u56fe\u7247-1536x640.png 1536w\" sizes=\"(max-width: 1920px) 100vw, 1920px\" \/><\/p>\n<div style=\"width: 1920px;\" class=\"wp-video\"><!--[if lt IE 9]><script>document.createElement('video');<\/script><![endif]-->\n<video class=\"wp-video-shortcode\" id=\"video-1727-1\" width=\"1920\" height=\"1440\" preload=\"metadata\" controls=\"controls\"><source type=\"video\/mp4\" src=\"https:\/\/sdqkzn.com\/wp-content\/uploads\/2025\/05\/\u7f51\u7ad9\u6253\u836f\u8f66-1.mp4?_=1\" \/><a href=\"https:\/\/sdqkzn.com\/wp-content\/uploads\/2025\/05\/\u7f51\u7ad9\u6253\u836f\u8f66-1.mp4\">https:\/\/sdqkzn.com\/wp-content\/uploads\/2025\/05\/\u7f51\u7ad9\u6253\u836f\u8f66-1.mp4<\/a><\/video><\/div>\n<p><img decoding=\"async\" class=\"aligncenter size-full wp-image-1756\" src=\"https:\/\/sdqkzn.com\/wp-content\/uploads\/2025\/05\/\u4ecb\u7ecd1\u6587\u5b57\u6539\u7248.png\" alt=\"\" width=\"1920\" height=\"557\" srcset=\"https:\/\/sdqkzn.com\/wp-content\/uploads\/2025\/05\/\u4ecb\u7ecd1\u6587\u5b57\u6539\u7248.png 1920w, https:\/\/sdqkzn.com\/wp-content\/uploads\/2025\/05\/\u4ecb\u7ecd1\u6587\u5b57\u6539\u7248-300x87.png 300w, https:\/\/sdqkzn.com\/wp-content\/uploads\/2025\/05\/\u4ecb\u7ecd1\u6587\u5b57\u6539\u7248-1024x297.png 1024w, https:\/\/sdqkzn.com\/wp-content\/uploads\/2025\/05\/\u4ecb\u7ecd1\u6587\u5b57\u6539\u7248-768x223.png 768w, https:\/\/sdqkzn.com\/wp-content\/uploads\/2025\/05\/\u4ecb\u7ecd1\u6587\u5b57\u6539\u7248-1536x446.png 1536w\" sizes=\"(max-width: 1920px) 100vw, 1920px\" \/><\/p>\n<p><img decoding=\"async\" class=\"aligncenter size-full wp-image-1757\" src=\"https:\/\/sdqkzn.com\/wp-content\/uploads\/2025\/05\/\u4ecb\u7ecd2\u6587\u5b57\u6539\u7248.png\" alt=\"\" width=\"1920\" height=\"557\" srcset=\"https:\/\/sdqkzn.com\/wp-content\/uploads\/2025\/05\/\u4ecb\u7ecd2\u6587\u5b57\u6539\u7248.png 1920w, https:\/\/sdqkzn.com\/wp-content\/uploads\/2025\/05\/\u4ecb\u7ecd2\u6587\u5b57\u6539\u7248-300x87.png 300w, https:\/\/sdqkzn.com\/wp-content\/uploads\/2025\/05\/\u4ecb\u7ecd2\u6587\u5b57\u6539\u7248-1024x297.png 1024w, https:\/\/sdqkzn.com\/wp-content\/uploads\/2025\/05\/\u4ecb\u7ecd2\u6587\u5b57\u6539\u7248-768x223.png 768w, https:\/\/sdqkzn.com\/wp-content\/uploads\/2025\/05\/\u4ecb\u7ecd2\u6587\u5b57\u6539\u7248-1536x446.png 1536w\" sizes=\"(max-width: 1920px) 100vw, 1920px\" \/><\/p>\n<p>&nbsp;<\/p>\n<p><img loading=\"lazy\" decoding=\"async\" class=\"aligncenter size-full wp-image-1758\" src=\"https:\/\/sdqkzn.com\/wp-content\/uploads\/2025\/05\/\u4ecb\u7ecd3\u6587\u5b57\u6539\u7248.png\" alt=\"\" width=\"1920\" height=\"557\" srcset=\"https:\/\/sdqkzn.com\/wp-content\/uploads\/2025\/05\/\u4ecb\u7ecd3\u6587\u5b57\u6539\u7248.png 1920w, https:\/\/sdqkzn.com\/wp-content\/uploads\/2025\/05\/\u4ecb\u7ecd3\u6587\u5b57\u6539\u7248-300x87.png 300w, https:\/\/sdqkzn.com\/wp-content\/uploads\/2025\/05\/\u4ecb\u7ecd3\u6587\u5b57\u6539\u7248-1024x297.png 1024w, https:\/\/sdqkzn.com\/wp-content\/uploads\/2025\/05\/\u4ecb\u7ecd3\u6587\u5b57\u6539\u7248-768x223.png 768w, https:\/\/sdqkzn.com\/wp-content\/uploads\/2025\/05\/\u4ecb\u7ecd3\u6587\u5b57\u6539\u7248-1536x446.png 1536w\" sizes=\"(max-width: 1920px) 100vw, 1920px\" \/><\/p>\n<p><img loading=\"lazy\" decoding=\"async\" class=\"aligncenter size-full wp-image-1759\" src=\"https:\/\/sdqkzn.com\/wp-content\/uploads\/2025\/05\/\u516c\u53f8\u4ecb\u7ecd.png\" alt=\"\" width=\"1920\" height=\"2000\" srcset=\"https:\/\/sdqkzn.com\/wp-content\/uploads\/2025\/05\/\u516c\u53f8\u4ecb\u7ecd.png 1920w, https:\/\/sdqkzn.com\/wp-content\/uploads\/2025\/05\/\u516c\u53f8\u4ecb\u7ecd-288x300.png 288w, https:\/\/sdqkzn.com\/wp-content\/uploads\/2025\/05\/\u516c\u53f8\u4ecb\u7ecd-983x1024.png 983w, https:\/\/sdqkzn.com\/wp-content\/uploads\/2025\/05\/\u516c\u53f8\u4ecb\u7ecd-768x800.png 768w, https:\/\/sdqkzn.com\/wp-content\/uploads\/2025\/05\/\u516c\u53f8\u4ecb\u7ecd-1475x1536.png 1475w\" sizes=\"(max-width: 1920px) 100vw, 1920px\" \/><\/p>","protected":false},"featured_media":1763,"template":"","meta":{"_acf_changed":false,"om_disable_all_campaigns":false,"_monsterinsights_skip_tracking":false,"_monsterinsights_sitenote_active":false,"_monsterinsights_sitenote_note":"","_monsterinsights_sitenote_category":0,"site-sidebar-layout":"default","site-content-layout":"","ast-site-content-layout":"default","site-content-style":"default","site-sidebar-style":"default","ast-global-header-display":"","ast-banner-title-visibility":"","ast-main-header-display":"","ast-hfb-above-header-display":"","ast-hfb-below-header-display":"","ast-hfb-mobile-header-display":"","site-post-title":"","ast-breadcrumbs-content":"","ast-featured-img":"","footer-sml-layout":"","theme-transparent-header-meta":"default","adv-header-id-meta":"","stick-header-meta":"default","header-above-stick-meta":"","header-main-stick-meta":"","header-below-stick-meta":"","astra-migrate-meta-layouts":"set","ast-page-background-enabled":"default","ast-page-background-meta":{"desktop":{"background-color":"var(--ast-global-color-4)","background-image":"","background-repeat":"repeat","background-position":"center center","background-size":"auto","background-attachment":"scroll","background-type":"","background-media":"","overlay-type":"","overlay-color":"","overlay-opacity":"","overlay-gradient":""},"tablet":{"background-color":"","background-image":"","background-repeat":"repeat","background-position":"center center","background-size":"auto","background-attachment":"scroll","background-type":"","background-media":"","overlay-type":"","overlay-color":"","overlay-opacity":"","overlay-gradient":""},"mobile":{"background-color":"","background-image":"","background-repeat":"repeat","background-position":"center center","background-size":"auto","background-attachment":"scroll","background-type":"","background-media":"","overlay-type":"","overlay-color":"","overlay-opacity":"","overlay-gradient":""}},"ast-content-background-meta":{"desktop":{"background-color":"var(--ast-global-color-5)","background-image":"","background-repeat":"repeat","background-position":"center center","background-size":"auto","background-attachment":"scroll","background-type":"","background-media":"","overlay-type":"","overlay-color":"","overlay-opacity":"","overlay-gradient":""},"tablet":{"background-color":"var(--ast-global-color-5)","background-image":"","background-repeat":"repeat","background-position":"center center","background-size":"auto","background-attachment":"scroll","background-type":"","background-media":"","overlay-type":"","overlay-color":"","overlay-opacity":"","overlay-gradient":""},"mobile":{"background-color":"var(--ast-global-color-5)","background-image":"","background-repeat":"repeat","background-position":"center center","background-size":"auto","background-attachment":"scroll","background-type":"","background-media":"","overlay-type":"","overlay-color":"","overlay-opacity":"","overlay-gradient":""}}},"tags":[],"products":[],"class_list":["post-1727","product","type-product","status-publish","has-post-thumbnail","hentry"],"acf":[],"yoast_head":"<!-- This site is optimized with the Yoast SEO plugin v25.2 - https:\/\/yoast.com\/wordpress\/plugins\/seo\/ -->\n<title>Remote control sprayer - Qingke Tech - Professional Remote Control Lawn Mower &amp; Smart Farm Equipment Manufacturer<\/title>\n<meta name=\"robots\" content=\"index, follow, max-snippet:-1, max-image-preview:large, max-video-preview:-1\" \/>\n<link rel=\"canonical\" href=\"https:\/\/sdqkzn.com\/fr\/produit\/pulverisateur-telecommande\" \/>\n<meta property=\"og:locale\" content=\"fr_FR\" \/>\n<meta property=\"og:type\" content=\"article\" \/>\n<meta property=\"og:title\" content=\"Remote control sprayer - Qingke Tech - Professional Remote Control Lawn Mower &amp; Smart Farm Equipment Manufacturer\" \/>\n<meta property=\"og:description\" content=\"&nbsp; &nbsp; &nbsp;\" \/>\n<meta property=\"og:url\" content=\"https:\/\/sdqkzn.com\/fr\/produit\/pulverisateur-telecommande\" \/>\n<meta property=\"og:site_name\" content=\"Qingke Tech - Professional Remote Control Lawn Mower &amp; Smart Farm Equipment Manufacturer\" \/>\n<meta property=\"article:publisher\" content=\"https:\/\/www.facebook.com\/sdqkzn\" \/>\n<meta property=\"article:modified_time\" content=\"2025-06-26T08:00:17+00:00\" \/>\n<meta property=\"og:image\" content=\"https:\/\/sdqkzn.com\/wp-content\/uploads\/2025\/05\/\u6253\u836f\u8f66\u7279\u8272\u56fe-1024x1024.png\" \/>\n\t<meta property=\"og:image:width\" content=\"1024\" \/>\n\t<meta property=\"og:image:height\" content=\"1024\" \/>\n\t<meta property=\"og:image:type\" content=\"image\/png\" \/>\n<meta name=\"twitter:card\" content=\"summary_large_image\" \/>\n<script type=\"application\/ld+json\" class=\"yoast-schema-graph\">{\"@context\":\"https:\/\/schema.org\",\"@graph\":[{\"@type\":\"WebPage\",\"@id\":\"https:\/\/sdqkzn.com\/product\/remote-control-sprayer\",\"url\":\"https:\/\/sdqkzn.com\/product\/remote-control-sprayer\",\"name\":\"Remote control sprayer - Qingke Tech - Professional Remote Control Lawn Mower &amp; Smart Farm Equipment Manufacturer\",\"isPartOf\":{\"@id\":\"https:\/\/sdqkzn.com\/#website\"},\"primaryImageOfPage\":{\"@id\":\"https:\/\/sdqkzn.com\/product\/remote-control-sprayer#primaryimage\"},\"image\":{\"@id\":\"https:\/\/sdqkzn.com\/product\/remote-control-sprayer#primaryimage\"},\"thumbnailUrl\":\"https:\/\/sdqkzn.com\/wp-content\/uploads\/2025\/05\/\u6253\u836f\u8f66\u7279\u8272\u56fe.png\",\"datePublished\":\"2025-05-07T02:38:46+00:00\",\"dateModified\":\"2025-06-26T08:00:17+00:00\",\"breadcrumb\":{\"@id\":\"https:\/\/sdqkzn.com\/product\/remote-control-sprayer#breadcrumb\"},\"inLanguage\":\"fr-FR\",\"potentialAction\":[{\"@type\":\"ReadAction\",\"target\":[\"https:\/\/sdqkzn.com\/product\/remote-control-sprayer\"]}]},{\"@type\":\"ImageObject\",\"inLanguage\":\"fr-FR\",\"@id\":\"https:\/\/sdqkzn.com\/product\/remote-control-sprayer#primaryimage\",\"url\":\"https:\/\/sdqkzn.com\/wp-content\/uploads\/2025\/05\/\u6253\u836f\u8f66\u7279\u8272\u56fe.png\",\"contentUrl\":\"https:\/\/sdqkzn.com\/wp-content\/uploads\/2025\/05\/\u6253\u836f\u8f66\u7279\u8272\u56fe.png\",\"width\":5000,\"height\":5000},{\"@type\":\"BreadcrumbList\",\"@id\":\"https:\/\/sdqkzn.com\/product\/remote-control-sprayer#breadcrumb\",\"itemListElement\":[{\"@type\":\"ListItem\",\"position\":1,\"name\":\"Home\",\"item\":\"https:\/\/sdqkzn.com\/\"},{\"@type\":\"ListItem\",\"position\":2,\"name\":\"Products\",\"item\":\"https:\/\/sdqkzn.com\/de\/produkt\"},{\"@type\":\"ListItem\",\"position\":3,\"name\":\"Remote control sprayer\"}]},{\"@type\":\"WebSite\",\"@id\":\"https:\/\/sdqkzn.com\/#website\",\"url\":\"https:\/\/sdqkzn.com\/\",\"name\":\"Remote Control Lawn Mower Garden Machinery Manufacturer\",\"description\":\"Qingke Intelligent Technology \u2013 China&#039;s leading manufacturer of smart agricultural robots, including robotic lawn mowers, pesticide sprayers, and utility transport vehicles. Innovative, efficient, and eco-friendly solutions for modern farming and landscaping.\",\"publisher\":{\"@id\":\"https:\/\/sdqkzn.com\/#organization\"},\"potentialAction\":[{\"@type\":\"SearchAction\",\"target\":{\"@type\":\"EntryPoint\",\"urlTemplate\":\"https:\/\/sdqkzn.com\/?s={search_term_string}\"},\"query-input\":{\"@type\":\"PropertyValueSpecification\",\"valueRequired\":true,\"valueName\":\"search_term_string\"}}],\"inLanguage\":\"fr-FR\"},{\"@type\":\"Organization\",\"@id\":\"https:\/\/sdqkzn.com\/#organization\",\"name\":\"Qingke Tech\",\"url\":\"https:\/\/sdqkzn.com\/\",\"logo\":{\"@type\":\"ImageObject\",\"inLanguage\":\"fr-FR\",\"@id\":\"https:\/\/sdqkzn.com\/#\/schema\/logo\/image\/\",\"url\":\"https:\/\/sdqkzn.com\/wp-content\/uploads\/2025\/01\/123.png\",\"contentUrl\":\"https:\/\/sdqkzn.com\/wp-content\/uploads\/2025\/01\/123.png\",\"width\":234,\"height\":65,\"caption\":\"Qingke Tech\"},\"image\":{\"@id\":\"https:\/\/sdqkzn.com\/#\/schema\/logo\/image\/\"},\"sameAs\":[\"https:\/\/www.facebook.com\/sdqkzn\"]}]}<\/script>\n<!-- \/ Yoast SEO plugin. -->","yoast_head_json":{"title":"Remote control sprayer - Qingke Tech - Professional Remote Control Lawn Mower &amp; Smart Farm Equipment Manufacturer","robots":{"index":"index","follow":"follow","max-snippet":"max-snippet:-1","max-image-preview":"max-image-preview:large","max-video-preview":"max-video-preview:-1"},"canonical":"https:\/\/sdqkzn.com\/fr\/produit\/pulverisateur-telecommande","og_locale":"fr_FR","og_type":"article","og_title":"Remote control sprayer - Qingke Tech - Professional Remote Control Lawn Mower &amp; Smart Farm Equipment Manufacturer","og_description":"&nbsp; &nbsp; &nbsp;","og_url":"https:\/\/sdqkzn.com\/fr\/produit\/pulverisateur-telecommande","og_site_name":"Qingke Tech - Professional Remote Control Lawn Mower &amp; Smart Farm Equipment Manufacturer","article_publisher":"https:\/\/www.facebook.com\/sdqkzn","article_modified_time":"2025-06-26T08:00:17+00:00","og_image":[{"width":1024,"height":1024,"url":"https:\/\/sdqkzn.com\/wp-content\/uploads\/2025\/05\/\u6253\u836f\u8f66\u7279\u8272\u56fe-1024x1024.png","type":"image\/png"}],"twitter_card":"summary_large_image","schema":{"@context":"https:\/\/schema.org","@graph":[{"@type":"WebPage","@id":"https:\/\/sdqkzn.com\/product\/remote-control-sprayer","url":"https:\/\/sdqkzn.com\/product\/remote-control-sprayer","name":"Remote control sprayer - Qingke Tech - Professional Remote Control Lawn Mower &amp; Smart Farm Equipment Manufacturer","isPartOf":{"@id":"https:\/\/sdqkzn.com\/#website"},"primaryImageOfPage":{"@id":"https:\/\/sdqkzn.com\/product\/remote-control-sprayer#primaryimage"},"image":{"@id":"https:\/\/sdqkzn.com\/product\/remote-control-sprayer#primaryimage"},"thumbnailUrl":"https:\/\/sdqkzn.com\/wp-content\/uploads\/2025\/05\/\u6253\u836f\u8f66\u7279\u8272\u56fe.png","datePublished":"2025-05-07T02:38:46+00:00","dateModified":"2025-06-26T08:00:17+00:00","breadcrumb":{"@id":"https:\/\/sdqkzn.com\/product\/remote-control-sprayer#breadcrumb"},"inLanguage":"fr-FR","potentialAction":[{"@type":"ReadAction","target":["https:\/\/sdqkzn.com\/product\/remote-control-sprayer"]}]},{"@type":"ImageObject","inLanguage":"fr-FR","@id":"https:\/\/sdqkzn.com\/product\/remote-control-sprayer#primaryimage","url":"https:\/\/sdqkzn.com\/wp-content\/uploads\/2025\/05\/\u6253\u836f\u8f66\u7279\u8272\u56fe.png","contentUrl":"https:\/\/sdqkzn.com\/wp-content\/uploads\/2025\/05\/\u6253\u836f\u8f66\u7279\u8272\u56fe.png","width":5000,"height":5000},{"@type":"BreadcrumbList","@id":"https:\/\/sdqkzn.com\/product\/remote-control-sprayer#breadcrumb","itemListElement":[{"@type":"ListItem","position":1,"name":"Home","item":"https:\/\/sdqkzn.com\/"},{"@type":"ListItem","position":2,"name":"Products","item":"https:\/\/sdqkzn.com\/de\/produkt"},{"@type":"ListItem","position":3,"name":"Remote control sprayer"}]},{"@type":"WebSite","@id":"https:\/\/sdqkzn.com\/#website","url":"https:\/\/sdqkzn.com\/","name":"Remote Control Lawn Mower Garden Machinery Manufacturer","description":"Qingke Intelligent Technology \u2013 China&#039;s leading manufacturer of smart agricultural robots, including robotic lawn mowers, pesticide sprayers, and utility transport vehicles. Innovative, efficient, and eco-friendly solutions for modern farming and landscaping.","publisher":{"@id":"https:\/\/sdqkzn.com\/#organization"},"potentialAction":[{"@type":"SearchAction","target":{"@type":"EntryPoint","urlTemplate":"https:\/\/sdqkzn.com\/?s={search_term_string}"},"query-input":{"@type":"PropertyValueSpecification","valueRequired":true,"valueName":"search_term_string"}}],"inLanguage":"fr-FR"},{"@type":"Organization","@id":"https:\/\/sdqkzn.com\/#organization","name":"Qingke Tech","url":"https:\/\/sdqkzn.com\/","logo":{"@type":"ImageObject","inLanguage":"fr-FR","@id":"https:\/\/sdqkzn.com\/#\/schema\/logo\/image\/","url":"https:\/\/sdqkzn.com\/wp-content\/uploads\/2025\/01\/123.png","contentUrl":"https:\/\/sdqkzn.com\/wp-content\/uploads\/2025\/01\/123.png","width":234,"height":65,"caption":"Qingke Tech"},"image":{"@id":"https:\/\/sdqkzn.com\/#\/schema\/logo\/image\/"},"sameAs":["https:\/\/www.facebook.com\/sdqkzn"]}]}},"_links":{"self":[{"href":"https:\/\/sdqkzn.com\/fr\/wp-json\/wp\/v2\/product\/1727","targetHints":{"allow":["GET"]}}],"collection":[{"href":"https:\/\/sdqkzn.com\/fr\/wp-json\/wp\/v2\/product"}],"about":[{"href":"https:\/\/sdqkzn.com\/fr\/wp-json\/wp\/v2\/types\/product"}],"wp:featuredmedia":[{"embeddable":true,"href":"https:\/\/sdqkzn.com\/fr\/wp-json\/wp\/v2\/media\/1763"}],"wp:attachment":[{"href":"https:\/\/sdqkzn.com\/fr\/wp-json\/wp\/v2\/media?parent=1727"}],"wp:term":[{"taxonomy":"post_tag","embeddable":true,"href":"https:\/\/sdqkzn.com\/fr\/wp-json\/wp\/v2\/tags?post=1727"},{"taxonomy":"products","embeddable":true,"href":"https:\/\/sdqkzn.com\/fr\/wp-json\/wp\/v2\/products?post=1727"}],"curies":[{"name":"wp","href":"https:\/\/api.w.org\/{rel}","templated":true}]}}