 {"id":1504,"date":"2025-01-21T11:34:44","date_gmt":"2025-01-21T03:34:44","guid":{"rendered":"https:\/\/sdqkzn.com\/?post_type=product&#038;p=1504"},"modified":"2025-01-21T15:32:41","modified_gmt":"2025-01-21T07:32:41","slug":"odsniezarka-60cm","status":"publish","type":"product","link":"https:\/\/sdqkzn.com\/pl\/produkt\/odsniezarka-60cm","title":{"rendered":"Od\u015bnie\u017carka 60 cm"},"content":{"rendered":"<p style=\"text-align: center;\">Od\u015bnie\u017canie, usuwanie \u015bniegu, od\u015bnie\u017canie<\/p>\n<p><img fetchpriority=\"high\" decoding=\"async\" class=\"aligncenter wp-image-1506 size-full\" src=\"https:\/\/sdqkzn.com\/wp-content\/uploads\/2025\/01\/\u629b\u96ea\u8f66_01.jpg\" alt=\"\" width=\"750\" height=\"1240\" srcset=\"https:\/\/sdqkzn.com\/wp-content\/uploads\/2025\/01\/\u629b\u96ea\u8f66_01.jpg 750w, https:\/\/sdqkzn.com\/wp-content\/uploads\/2025\/01\/\u629b\u96ea\u8f66_01-181x300.jpg 181w, https:\/\/sdqkzn.com\/wp-content\/uploads\/2025\/01\/\u629b\u96ea\u8f66_01-619x1024.jpg 619w\" sizes=\"(max-width: 750px) 100vw, 750px\" \/><img decoding=\"async\" class=\"aligncenter wp-image-1507 size-full\" src=\"https:\/\/sdqkzn.com\/wp-content\/uploads\/2025\/01\/\u629b\u96ea\u8f66_02.jpg\" alt=\"\" width=\"750\" height=\"888\" srcset=\"https:\/\/sdqkzn.com\/wp-content\/uploads\/2025\/01\/\u629b\u96ea\u8f66_02.jpg 750w, https:\/\/sdqkzn.com\/wp-content\/uploads\/2025\/01\/\u629b\u96ea\u8f66_02-253x300.jpg 253w\" sizes=\"(max-width: 750px) 100vw, 750px\" \/><img decoding=\"async\" class=\"aligncenter wp-image-1508 size-full\" src=\"https:\/\/sdqkzn.com\/wp-content\/uploads\/2025\/01\/\u629b\u96ea\u8f66_03.jpg\" alt=\"\" width=\"750\" height=\"982\" srcset=\"https:\/\/sdqkzn.com\/wp-content\/uploads\/2025\/01\/\u629b\u96ea\u8f66_03.jpg 750w, https:\/\/sdqkzn.com\/wp-content\/uploads\/2025\/01\/\u629b\u96ea\u8f66_03-229x300.jpg 229w\" sizes=\"(max-width: 750px) 100vw, 750px\" \/><img loading=\"lazy\" decoding=\"async\" class=\"aligncenter wp-image-1509 size-full\" src=\"https:\/\/sdqkzn.com\/wp-content\/uploads\/2025\/01\/\u629b\u96ea\u8f66_04.jpg\" alt=\"\" width=\"750\" height=\"1298\" srcset=\"https:\/\/sdqkzn.com\/wp-content\/uploads\/2025\/01\/\u629b\u96ea\u8f66_04.jpg 750w, https:\/\/sdqkzn.com\/wp-content\/uploads\/2025\/01\/\u629b\u96ea\u8f66_04-173x300.jpg 173w, https:\/\/sdqkzn.com\/wp-content\/uploads\/2025\/01\/\u629b\u96ea\u8f66_04-592x1024.jpg 592w\" sizes=\"(max-width: 750px) 100vw, 750px\" \/><img loading=\"lazy\" decoding=\"async\" class=\"aligncenter wp-image-1510 size-full\" src=\"https:\/\/sdqkzn.com\/wp-content\/uploads\/2025\/01\/\u629b\u96ea\u8f66_05.jpg\" alt=\"\" width=\"750\" height=\"1064\" srcset=\"https:\/\/sdqkzn.com\/wp-content\/uploads\/2025\/01\/\u629b\u96ea\u8f66_05.jpg 750w, https:\/\/sdqkzn.com\/wp-content\/uploads\/2025\/01\/\u629b\u96ea\u8f66_05-211x300.jpg 211w, https:\/\/sdqkzn.com\/wp-content\/uploads\/2025\/01\/\u629b\u96ea\u8f66_05-722x1024.jpg 722w\" sizes=\"(max-width: 750px) 100vw, 750px\" \/><img loading=\"lazy\" decoding=\"async\" class=\"aligncenter wp-image-1511 size-full\" src=\"https:\/\/sdqkzn.com\/wp-content\/uploads\/2025\/01\/\u629b\u96ea\u8f66_06.jpg\" alt=\"\" width=\"750\" height=\"976\" srcset=\"https:\/\/sdqkzn.com\/wp-content\/uploads\/2025\/01\/\u629b\u96ea\u8f66_06.jpg 750w, https:\/\/sdqkzn.com\/wp-content\/uploads\/2025\/01\/\u629b\u96ea\u8f66_06-231x300.jpg 231w\" sizes=\"(max-width: 750px) 100vw, 750px\" \/><img loading=\"lazy\" decoding=\"async\" class=\"aligncenter wp-image-1512 size-full\" src=\"https:\/\/sdqkzn.com\/wp-content\/uploads\/2025\/01\/\u629b\u96ea\u8f66_07.jpg\" alt=\"\" width=\"750\" height=\"1354\" srcset=\"https:\/\/sdqkzn.com\/wp-content\/uploads\/2025\/01\/\u629b\u96ea\u8f66_07.jpg 750w, https:\/\/sdqkzn.com\/wp-content\/uploads\/2025\/01\/\u629b\u96ea\u8f66_07-166x300.jpg 166w, https:\/\/sdqkzn.com\/wp-content\/uploads\/2025\/01\/\u629b\u96ea\u8f66_07-567x1024.jpg 567w\" sizes=\"(max-width: 750px) 100vw, 750px\" \/><img loading=\"lazy\" decoding=\"async\" class=\"aligncenter wp-image-1513 size-full\" src=\"https:\/\/sdqkzn.com\/wp-content\/uploads\/2025\/01\/\u629b\u96ea\u8f66_08.jpg\" alt=\"\" width=\"750\" height=\"751\" srcset=\"https:\/\/sdqkzn.com\/wp-content\/uploads\/2025\/01\/\u629b\u96ea\u8f66_08.jpg 750w, https:\/\/sdqkzn.com\/wp-content\/uploads\/2025\/01\/\u629b\u96ea\u8f66_08-300x300.jpg 300w, https:\/\/sdqkzn.com\/wp-content\/uploads\/2025\/01\/\u629b\u96ea\u8f66_08-150x150.jpg 150w\" sizes=\"(max-width: 750px) 100vw, 750px\" \/><img loading=\"lazy\" decoding=\"async\" class=\"aligncenter wp-image-1514 size-full\" src=\"https:\/\/sdqkzn.com\/wp-content\/uploads\/2025\/01\/\u629b\u96ea\u8f66_09.jpg\" alt=\"\" width=\"750\" height=\"1080\" srcset=\"https:\/\/sdqkzn.com\/wp-content\/uploads\/2025\/01\/\u629b\u96ea\u8f66_09.jpg 750w, https:\/\/sdqkzn.com\/wp-content\/uploads\/2025\/01\/\u629b\u96ea\u8f66_09-208x300.jpg 208w, https:\/\/sdqkzn.com\/wp-content\/uploads\/2025\/01\/\u629b\u96ea\u8f66_09-711x1024.jpg 711w\" sizes=\"(max-width: 750px) 100vw, 750px\" \/><\/p>","protected":false},"featured_media":1521,"template":"","meta":{"_acf_changed":false,"om_disable_all_campaigns":false,"_monsterinsights_skip_tracking":false,"_monsterinsights_sitenote_active":false,"_monsterinsights_sitenote_note":"","_monsterinsights_sitenote_category":0,"site-sidebar-layout":"default","site-content-layout":"","ast-site-content-layout":"default","site-content-style":"default","site-sidebar-style":"default","ast-global-header-display":"","ast-banner-title-visibility":"","ast-main-header-display":"","ast-hfb-above-header-display":"","ast-hfb-below-header-display":"","ast-hfb-mobile-header-display":"","site-post-title":"","ast-breadcrumbs-content":"","ast-featured-img":"","footer-sml-layout":"","theme-transparent-header-meta":"default","adv-header-id-meta":"","stick-header-meta":"default","header-above-stick-meta":"","header-main-stick-meta":"","header-below-stick-meta":"","astra-migrate-meta-layouts":"set","ast-page-background-enabled":"default","ast-page-background-meta":{"desktop":{"background-color":"var(--ast-global-color-4)","background-image":"","background-repeat":"repeat","background-position":"center center","background-size":"auto","background-attachment":"scroll","background-type":"","background-media":"","overlay-type":"","overlay-color":"","overlay-opacity":"","overlay-gradient":""},"tablet":{"background-color":"","background-image":"","background-repeat":"repeat","background-position":"center center","background-size":"auto","background-attachment":"scroll","background-type":"","background-media":"","overlay-type":"","overlay-color":"","overlay-opacity":"","overlay-gradient":""},"mobile":{"background-color":"","background-image":"","background-repeat":"repeat","background-position":"center center","background-size":"auto","background-attachment":"scroll","background-type":"","background-media":"","overlay-type":"","overlay-color":"","overlay-opacity":"","overlay-gradient":""}},"ast-content-background-meta":{"desktop":{"background-color":"var(--ast-global-color-5)","background-image":"","background-repeat":"repeat","background-position":"center center","background-size":"auto","background-attachment":"scroll","background-type":"","background-media":"","overlay-type":"","overlay-color":"","overlay-opacity":"","overlay-gradient":""},"tablet":{"background-color":"var(--ast-global-color-5)","background-image":"","background-repeat":"repeat","background-position":"center center","background-size":"auto","background-attachment":"scroll","background-type":"","background-media":"","overlay-type":"","overlay-color":"","overlay-opacity":"","overlay-gradient":""},"mobile":{"background-color":"var(--ast-global-color-5)","background-image":"","background-repeat":"repeat","background-position":"center center","background-size":"auto","background-attachment":"scroll","background-type":"","background-media":"","overlay-type":"","overlay-color":"","overlay-opacity":"","overlay-gradient":""}}},"tags":[],"products":[44],"class_list":["post-1504","product","type-product","status-publish","has-post-thumbnail","hentry","products-remote-controlled-snow-thrower"],"acf":[],"yoast_head":"<!-- This site is optimized with the Yoast SEO plugin v25.2 - https:\/\/yoast.com\/wordpress\/plugins\/seo\/ -->\n<title>Snow thrower 60cm - Qingke Tech - Professional Remote Control Lawn Mower &amp; Smart Farm Equipment Manufacturer<\/title>\n<meta name=\"robots\" content=\"index, follow, max-snippet:-1, max-image-preview:large, max-video-preview:-1\" \/>\n<link rel=\"canonical\" href=\"https:\/\/sdqkzn.com\/pl\/produkt\/odsniezarka-60cm\" \/>\n<meta property=\"og:locale\" content=\"pl_PL\" \/>\n<meta property=\"og:type\" content=\"article\" \/>\n<meta property=\"og:title\" content=\"Snow thrower 60cm - Qingke Tech - Professional Remote Control Lawn Mower &amp; Smart Farm Equipment Manufacturer\" \/>\n<meta property=\"og:description\" content=\"Throwing snow, removing snow, shoveling snow\" \/>\n<meta property=\"og:url\" content=\"https:\/\/sdqkzn.com\/pl\/produkt\/odsniezarka-60cm\" \/>\n<meta property=\"og:site_name\" content=\"Qingke Tech - Professional Remote Control Lawn Mower &amp; Smart Farm Equipment Manufacturer\" \/>\n<meta property=\"article:publisher\" content=\"https:\/\/www.facebook.com\/sdqkzn\" \/>\n<meta property=\"article:modified_time\" content=\"2025-01-21T07:32:41+00:00\" \/>\n<meta property=\"og:image\" content=\"https:\/\/sdqkzn.com\/wp-content\/uploads\/2025\/01\/c49c754eb78b38747e1fc8506c34548.jpg\" \/>\n\t<meta property=\"og:image:width\" content=\"500\" \/>\n\t<meta property=\"og:image:height\" content=\"500\" \/>\n\t<meta property=\"og:image:type\" content=\"image\/jpeg\" \/>\n<meta name=\"twitter:card\" content=\"summary_large_image\" \/>\n<script type=\"application\/ld+json\" class=\"yoast-schema-graph\">{\"@context\":\"https:\/\/schema.org\",\"@graph\":[{\"@type\":\"WebPage\",\"@id\":\"https:\/\/sdqkzn.com\/product\/snow-thrower-60cm\",\"url\":\"https:\/\/sdqkzn.com\/product\/snow-thrower-60cm\",\"name\":\"Snow thrower 60cm - Qingke Tech - Professional Remote Control Lawn Mower &amp; Smart Farm Equipment Manufacturer\",\"isPartOf\":{\"@id\":\"https:\/\/sdqkzn.com\/#website\"},\"primaryImageOfPage\":{\"@id\":\"https:\/\/sdqkzn.com\/product\/snow-thrower-60cm#primaryimage\"},\"image\":{\"@id\":\"https:\/\/sdqkzn.com\/product\/snow-thrower-60cm#primaryimage\"},\"thumbnailUrl\":\"https:\/\/sdqkzn.com\/wp-content\/uploads\/2025\/01\/c49c754eb78b38747e1fc8506c34548.jpg\",\"datePublished\":\"2025-01-21T03:34:44+00:00\",\"dateModified\":\"2025-01-21T07:32:41+00:00\",\"breadcrumb\":{\"@id\":\"https:\/\/sdqkzn.com\/product\/snow-thrower-60cm#breadcrumb\"},\"inLanguage\":\"pl-PL\",\"potentialAction\":[{\"@type\":\"ReadAction\",\"target\":[\"https:\/\/sdqkzn.com\/product\/snow-thrower-60cm\"]}]},{\"@type\":\"ImageObject\",\"inLanguage\":\"pl-PL\",\"@id\":\"https:\/\/sdqkzn.com\/product\/snow-thrower-60cm#primaryimage\",\"url\":\"https:\/\/sdqkzn.com\/wp-content\/uploads\/2025\/01\/c49c754eb78b38747e1fc8506c34548.jpg\",\"contentUrl\":\"https:\/\/sdqkzn.com\/wp-content\/uploads\/2025\/01\/c49c754eb78b38747e1fc8506c34548.jpg\",\"width\":500,\"height\":500},{\"@type\":\"BreadcrumbList\",\"@id\":\"https:\/\/sdqkzn.com\/product\/snow-thrower-60cm#breadcrumb\",\"itemListElement\":[{\"@type\":\"ListItem\",\"position\":1,\"name\":\"Home\",\"item\":\"https:\/\/sdqkzn.com\/\"},{\"@type\":\"ListItem\",\"position\":2,\"name\":\"Products\",\"item\":\"https:\/\/sdqkzn.com\/de\/produkt\"},{\"@type\":\"ListItem\",\"position\":3,\"name\":\"Snow thrower 60cm\"}]},{\"@type\":\"WebSite\",\"@id\":\"https:\/\/sdqkzn.com\/#website\",\"url\":\"https:\/\/sdqkzn.com\/\",\"name\":\"Remote Control Lawn Mower Garden Machinery Manufacturer\",\"description\":\"Qingke Intelligent Technology \u2013 China&#039;s leading manufacturer of smart agricultural robots, including robotic lawn mowers, pesticide sprayers, and utility transport vehicles. Innovative, efficient, and eco-friendly solutions for modern farming and landscaping.\",\"publisher\":{\"@id\":\"https:\/\/sdqkzn.com\/#organization\"},\"potentialAction\":[{\"@type\":\"SearchAction\",\"target\":{\"@type\":\"EntryPoint\",\"urlTemplate\":\"https:\/\/sdqkzn.com\/?s={search_term_string}\"},\"query-input\":{\"@type\":\"PropertyValueSpecification\",\"valueRequired\":true,\"valueName\":\"search_term_string\"}}],\"inLanguage\":\"pl-PL\"},{\"@type\":\"Organization\",\"@id\":\"https:\/\/sdqkzn.com\/#organization\",\"name\":\"Qingke Tech\",\"url\":\"https:\/\/sdqkzn.com\/\",\"logo\":{\"@type\":\"ImageObject\",\"inLanguage\":\"pl-PL\",\"@id\":\"https:\/\/sdqkzn.com\/#\/schema\/logo\/image\/\",\"url\":\"https:\/\/sdqkzn.com\/wp-content\/uploads\/2025\/01\/123.png\",\"contentUrl\":\"https:\/\/sdqkzn.com\/wp-content\/uploads\/2025\/01\/123.png\",\"width\":234,\"height\":65,\"caption\":\"Qingke Tech\"},\"image\":{\"@id\":\"https:\/\/sdqkzn.com\/#\/schema\/logo\/image\/\"},\"sameAs\":[\"https:\/\/www.facebook.com\/sdqkzn\"]}]}<\/script>\n<!-- \/ Yoast SEO plugin. -->","yoast_head_json":{"title":"Snow thrower 60cm - Qingke Tech - Professional Remote Control Lawn Mower &amp; Smart Farm Equipment Manufacturer","robots":{"index":"index","follow":"follow","max-snippet":"max-snippet:-1","max-image-preview":"max-image-preview:large","max-video-preview":"max-video-preview:-1"},"canonical":"https:\/\/sdqkzn.com\/pl\/produkt\/odsniezarka-60cm","og_locale":"pl_PL","og_type":"article","og_title":"Snow thrower 60cm - Qingke Tech - Professional Remote Control Lawn Mower &amp; Smart Farm Equipment Manufacturer","og_description":"Throwing snow, removing snow, shoveling snow","og_url":"https:\/\/sdqkzn.com\/pl\/produkt\/odsniezarka-60cm","og_site_name":"Qingke Tech - Professional Remote Control Lawn Mower &amp; Smart Farm Equipment Manufacturer","article_publisher":"https:\/\/www.facebook.com\/sdqkzn","article_modified_time":"2025-01-21T07:32:41+00:00","og_image":[{"width":500,"height":500,"url":"https:\/\/sdqkzn.com\/wp-content\/uploads\/2025\/01\/c49c754eb78b38747e1fc8506c34548.jpg","type":"image\/jpeg"}],"twitter_card":"summary_large_image","schema":{"@context":"https:\/\/schema.org","@graph":[{"@type":"WebPage","@id":"https:\/\/sdqkzn.com\/product\/snow-thrower-60cm","url":"https:\/\/sdqkzn.com\/product\/snow-thrower-60cm","name":"Snow thrower 60cm - Qingke Tech - Professional Remote Control Lawn Mower &amp; Smart Farm Equipment Manufacturer","isPartOf":{"@id":"https:\/\/sdqkzn.com\/#website"},"primaryImageOfPage":{"@id":"https:\/\/sdqkzn.com\/product\/snow-thrower-60cm#primaryimage"},"image":{"@id":"https:\/\/sdqkzn.com\/product\/snow-thrower-60cm#primaryimage"},"thumbnailUrl":"https:\/\/sdqkzn.com\/wp-content\/uploads\/2025\/01\/c49c754eb78b38747e1fc8506c34548.jpg","datePublished":"2025-01-21T03:34:44+00:00","dateModified":"2025-01-21T07:32:41+00:00","breadcrumb":{"@id":"https:\/\/sdqkzn.com\/product\/snow-thrower-60cm#breadcrumb"},"inLanguage":"pl-PL","potentialAction":[{"@type":"ReadAction","target":["https:\/\/sdqkzn.com\/product\/snow-thrower-60cm"]}]},{"@type":"ImageObject","inLanguage":"pl-PL","@id":"https:\/\/sdqkzn.com\/product\/snow-thrower-60cm#primaryimage","url":"https:\/\/sdqkzn.com\/wp-content\/uploads\/2025\/01\/c49c754eb78b38747e1fc8506c34548.jpg","contentUrl":"https:\/\/sdqkzn.com\/wp-content\/uploads\/2025\/01\/c49c754eb78b38747e1fc8506c34548.jpg","width":500,"height":500},{"@type":"BreadcrumbList","@id":"https:\/\/sdqkzn.com\/product\/snow-thrower-60cm#breadcrumb","itemListElement":[{"@type":"ListItem","position":1,"name":"Home","item":"https:\/\/sdqkzn.com\/"},{"@type":"ListItem","position":2,"name":"Products","item":"https:\/\/sdqkzn.com\/de\/produkt"},{"@type":"ListItem","position":3,"name":"Snow thrower 60cm"}]},{"@type":"WebSite","@id":"https:\/\/sdqkzn.com\/#website","url":"https:\/\/sdqkzn.com\/","name":"Remote Control Lawn Mower Garden Machinery Manufacturer","description":"Qingke Intelligent Technology \u2013 China&#039;s leading manufacturer of smart agricultural robots, including robotic lawn mowers, pesticide sprayers, and utility transport vehicles. Innovative, efficient, and eco-friendly solutions for modern farming and landscaping.","publisher":{"@id":"https:\/\/sdqkzn.com\/#organization"},"potentialAction":[{"@type":"SearchAction","target":{"@type":"EntryPoint","urlTemplate":"https:\/\/sdqkzn.com\/?s={search_term_string}"},"query-input":{"@type":"PropertyValueSpecification","valueRequired":true,"valueName":"search_term_string"}}],"inLanguage":"pl-PL"},{"@type":"Organization","@id":"https:\/\/sdqkzn.com\/#organization","name":"Qingke Tech","url":"https:\/\/sdqkzn.com\/","logo":{"@type":"ImageObject","inLanguage":"pl-PL","@id":"https:\/\/sdqkzn.com\/#\/schema\/logo\/image\/","url":"https:\/\/sdqkzn.com\/wp-content\/uploads\/2025\/01\/123.png","contentUrl":"https:\/\/sdqkzn.com\/wp-content\/uploads\/2025\/01\/123.png","width":234,"height":65,"caption":"Qingke Tech"},"image":{"@id":"https:\/\/sdqkzn.com\/#\/schema\/logo\/image\/"},"sameAs":["https:\/\/www.facebook.com\/sdqkzn"]}]}},"_links":{"self":[{"href":"https:\/\/sdqkzn.com\/pl\/wp-json\/wp\/v2\/product\/1504","targetHints":{"allow":["GET"]}}],"collection":[{"href":"https:\/\/sdqkzn.com\/pl\/wp-json\/wp\/v2\/product"}],"about":[{"href":"https:\/\/sdqkzn.com\/pl\/wp-json\/wp\/v2\/types\/product"}],"wp:featuredmedia":[{"embeddable":true,"href":"https:\/\/sdqkzn.com\/pl\/wp-json\/wp\/v2\/media\/1521"}],"wp:attachment":[{"href":"https:\/\/sdqkzn.com\/pl\/wp-json\/wp\/v2\/media?parent=1504"}],"wp:term":[{"taxonomy":"post_tag","embeddable":true,"href":"https:\/\/sdqkzn.com\/pl\/wp-json\/wp\/v2\/tags?post=1504"},{"taxonomy":"products","embeddable":true,"href":"https:\/\/sdqkzn.com\/pl\/wp-json\/wp\/v2\/products?post=1504"}],"curies":[{"name":"wp","href":"https:\/\/api.w.org\/{rel}","templated":true}]}}